{"id":81,"date":"2017-04-03T15:17:36","date_gmt":"2017-04-03T15:17:36","guid":{"rendered":"http:\/\/entrepreneurship.serayamaouche.net\/?page_id=81"},"modified":"2024-07-29T09:10:46","modified_gmt":"2024-07-29T09:10:46","slug":"women-ceo","status":"publish","type":"page","link":"http:\/\/entrepreneurship.serayamaouche.info\/?page_id=81","title":{"rendered":"Project Calls"},"content":{"rendered":"\n<p><strong>2024<\/strong><\/p>\n\n\n\n<ul class=\"wp-block-list\">\n<li><a href=\"https:\/\/industriels.esante.gouv.fr\/en\/node\/4759?fbclid=IwY2xjawEUNpZleHRuA2FlbQIxMAABHXADTbgVQO-UCL5rhECIxGoolUM2VK6tPi7Nk0fvL6iARuUbmJBB3I5jYg_aem_0o_ULthSorSxebhmuQXzNQ\">Appel \u00e0 candidatures pour le meet-up d\u00e9di\u00e9 au Natural Language Processing (NLP)<\/a><\/li>\n<\/ul>\n","protected":false},"excerpt":{"rendered":"<p>2024 Appel \u00e0 candidatures pour le meet-up d\u00e9di\u00e9 au Natural Language Processing (NLP)<\/p>\n","protected":false},"author":1,"featured_media":0,"parent":0,"menu_order":0,"comment_status":"closed","ping_status":"closed","template":"","meta":{"footnotes":""},"class_list":["post-81","page","type-page","status-publish","hentry"],"_links":{"self":[{"href":"http:\/\/entrepreneurship.serayamaouche.info\/index.php?rest_route=\/wp\/v2\/pages\/81","targetHints":{"allow":["GET"]}}],"collection":[{"href":"http:\/\/entrepreneurship.serayamaouche.info\/index.php?rest_route=\/wp\/v2\/pages"}],"about":[{"href":"http:\/\/entrepreneurship.serayamaouche.info\/index.php?rest_route=\/wp\/v2\/types\/page"}],"author":[{"embeddable":true,"href":"http:\/\/entrepreneurship.serayamaouche.info\/index.php?rest_route=\/wp\/v2\/users\/1"}],"replies":[{"embeddable":true,"href":"http:\/\/entrepreneurship.serayamaouche.info\/index.php?rest_route=%2Fwp%2Fv2%2Fcomments&post=81"}],"version-history":[{"count":3,"href":"http:\/\/entrepreneurship.serayamaouche.info\/index.php?rest_route=\/wp\/v2\/pages\/81\/revisions"}],"predecessor-version":[{"id":237,"href":"http:\/\/entrepreneurship.serayamaouche.info\/index.php?rest_route=\/wp\/v2\/pages\/81\/revisions\/237"}],"wp:attachment":[{"href":"http:\/\/entrepreneurship.serayamaouche.info\/index.php?rest_route=%2Fwp%2Fv2%2Fmedia&parent=81"}],"curies":[{"name":"wp","href":"https:\/\/api.w.org\/{rel}","templated":true}]}}