{"id":271,"date":"2024-07-29T14:45:16","date_gmt":"2024-07-29T14:45:16","guid":{"rendered":"https:\/\/entrepreneurship.serayamaouche.info\/?page_id=271"},"modified":"2024-07-29T14:45:16","modified_gmt":"2024-07-29T14:45:16","slug":"mentions-legales","status":"publish","type":"page","link":"http:\/\/entrepreneurship.serayamaouche.info\/?page_id=271","title":{"rendered":"Mentions l\u00e9gales"},"content":{"rendered":"\n<h2 class=\"wp-block-heading\">Identification de l\u2019\u00e9diteur<\/h2>\n\n\n\n<p>Madame Seraya Maouche<br><a href=\"https:\/\/www.tbiscientific.fr\/\">TBi Scientific<\/a><strong>\u00ae<\/strong><br>15 rue Lauriston\u00a0<br>75016 ParisIdentification de l\u2019\u00e9diteur<\/p>\n\n\n\n<p><br>\u00a0<br>Directrice de la publication<\/p>\n\n\n\n<p>Madame Seraya Maouche, auteur de la plateforme Entrepreneurship-SM.<\/p>\n\n\n\n<p><strong>Prestataire d&rsquo;h\u00e9bergement<\/strong><\/p>\n\n\n\n<p><strong>Soci\u00e9t\u00e9 IONOS SARL <\/strong><br>7, place de la Gare, BP 70109, 57200 Sarreguemines <br>Cedex, 431 303 775 RCS Sarreguemines<br>T\u00e9l. : 0970 808 911 <br>E-Mail : info@IONOS.fr<\/p>\n\n\n\n<h1 class=\"wp-block-heading\">Conditions G\u00e9n\u00e9rales d&rsquo;utilisation<\/h1>\n\n\n\n<p>Le site <a href=\"https:\/\/entrepreneurship.serayamaouche.info\/\">https:\/\/entrepreneurship.serayamaouche.info<\/a> (ci-apr\u00e8s d\u00e9nomm\u00e9s \u00ab la Plateforme \u00bb) est anim\u00e9 par la directrice de la publication.<\/p>\n\n\n\n<p>Les pr\u00e9sentes conditions g\u00e9n\u00e9rales d\u2019utilisation d\u00e9finissent les droits et obligations des personnes qui visitent la Plateforme (ci-apr\u00e8s d\u00e9nomm\u00e9s les \u00ab visiteurs \u00bb).<\/p>\n\n\n\n<p>Les visiteurs s\u2019engagent \u00e0 respecter les conditions g\u00e9n\u00e9rales d\u2019utilisation et \u00e0 v\u00e9rifier r\u00e9guli\u00e8rement si des modifications y ont \u00e9t\u00e9 apport\u00e9es, Entrepreneurship-SM se r\u00e9servant le droit de les modifier \u00e0 tout moment et sans pr\u00e9avis.<\/p>\n\n\n\n<p>Le simple acc\u00e8s \u00e0 la Plateforme implique l\u2019acceptation int\u00e9grale et sans r\u00e9serve de l\u2019ensemble des conditions g\u00e9n\u00e9rales d\u2019utilisation.<\/p>\n\n\n\n<h2 class=\"wp-block-heading\">Missions<\/h2>\n\n\n\n<ul class=\"wp-block-list\">\n<li>La Plateforme a pour objectif d\u2019informer et d&rsquo;agr\u00e9ger des ressources utiles pour les cr\u00e9ateurs d&rsquo;entreprises et les porteurs de projets innovants.<\/li>\n<\/ul>\n\n\n\n<p><\/p>\n\n\n\n<p><em>Date de derni\u00e8re mise \u00e0 jour : 29 juillet 2024<\/em><\/p>\n","protected":false},"excerpt":{"rendered":"<p>Identification de l\u2019\u00e9diteur Madame Seraya MaoucheTBi Scientific\u00ae15 rue Lauriston\u00a075016 ParisIdentification de l\u2019\u00e9diteur \u00a0Directrice de la publication Madame Seraya Maouche, auteur de la plateforme Entrepreneurship-SM. Prestataire d&rsquo;h\u00e9bergement Soci\u00e9t\u00e9 IONOS SARL 7, place de la Gare, BP&#8230;<\/p>\n","protected":false},"author":1,"featured_media":0,"parent":0,"menu_order":0,"comment_status":"closed","ping_status":"closed","template":"","meta":{"footnotes":""},"class_list":["post-271","page","type-page","status-publish","hentry"],"_links":{"self":[{"href":"http:\/\/entrepreneurship.serayamaouche.info\/index.php?rest_route=\/wp\/v2\/pages\/271","targetHints":{"allow":["GET"]}}],"collection":[{"href":"http:\/\/entrepreneurship.serayamaouche.info\/index.php?rest_route=\/wp\/v2\/pages"}],"about":[{"href":"http:\/\/entrepreneurship.serayamaouche.info\/index.php?rest_route=\/wp\/v2\/types\/page"}],"author":[{"embeddable":true,"href":"http:\/\/entrepreneurship.serayamaouche.info\/index.php?rest_route=\/wp\/v2\/users\/1"}],"replies":[{"embeddable":true,"href":"http:\/\/entrepreneurship.serayamaouche.info\/index.php?rest_route=%2Fwp%2Fv2%2Fcomments&post=271"}],"version-history":[{"count":1,"href":"http:\/\/entrepreneurship.serayamaouche.info\/index.php?rest_route=\/wp\/v2\/pages\/271\/revisions"}],"predecessor-version":[{"id":273,"href":"http:\/\/entrepreneurship.serayamaouche.info\/index.php?rest_route=\/wp\/v2\/pages\/271\/revisions\/273"}],"wp:attachment":[{"href":"http:\/\/entrepreneurship.serayamaouche.info\/index.php?rest_route=%2Fwp%2Fv2%2Fmedia&parent=271"}],"curies":[{"name":"wp","href":"https:\/\/api.w.org\/{rel}","templated":true}]}}