{"id":177,"date":"2017-07-20T10:40:52","date_gmt":"2017-07-20T10:40:52","guid":{"rendered":"http:\/\/entrepreneurship.serayamaouche.net\/?page_id=177"},"modified":"2017-07-20T10:40:52","modified_gmt":"2017-07-20T10:40:52","slug":"create-your-company","status":"publish","type":"page","link":"http:\/\/entrepreneurship.serayamaouche.info\/?page_id=177","title":{"rendered":"Create your company"},"content":{"rendered":"<div class=\"entry-content clearfix\">\n<ul id=\"navlist\">\n<li><a href=\"http:\/\/www.net-entreprises.fr\">Net.entreprises.fr<\/a><\/li>\n<li><a href=\"http:\/\/www.rsi.fr\">Le r\u00e9gime social des ind\u00e9pendants (RSI)<\/a><\/li>\n<li><a href=\"http:\/\/www.mediation-interentreprises.fr\">M\u00e9diation Inter-Entreprises<\/a><\/li>\n<li><a href=\"http:\/\/www.spotcrea.fr\">SpotCrea.fr (social network created by APCE)<\/a><\/li>\n<li><a href=\"http:\/\/www.paris.fr\/pro\/2d3es-accompagnement-de-projets\/assistance-juridique-et-comptable-gratuite\/rub_9521_stand_80269_port_23393 \">Assistance juridique et comptable gratuite<\/a><\/li>\n<li><a href=\"http:\/\/clubopeninnovation.fr\">Le Club Open Innovation<\/a><\/li>\n<li><a href=\"http:\/\/www.paris.fr\/pro\/2d3es-hebergement-d-entreprises\/couveuses\/rub_9529_stand_22923_port_23414\">Les couveuses<\/a><\/li>\n<li><a href=\"http:\/\/www.logomatic.fr\">Logomatic (create the logo of your company)<\/a><\/li>\n<li><a href=\"http:\/\/fr.teamizy.com\/\">teamizy<\/a><\/li>\n<li><a href=\"http:\/\/www.expert-comptable-tpe.fr\">Expert-comptable-tpe.fr<\/a><\/li>\n<\/ul>\n<h4 id=\"14\">Create your company<\/h4>\n<ul id=\"navlist\">\n<li><a href=\"http:\/\/www.jesuisentrepreneur.fr\">Je suis entrepreneur<\/a><\/li>\n<li><a href=\"http:\/\/www.citeslab.fr\/\">CitesLab<\/a><\/li>\n<li><a href=\"http:\/\/www.entreprisesdesquartiers.fr\/\">Entreprise des quartiers<\/a><\/li>\n<li><a href=\"http:\/\/www.lesclesdelabanque.fr\">Les cl\u00e9s de la banque<\/a><\/li>\n<li><a href=\"http:\/\/www.cooperer.coop\">cooperer.coop<\/a><\/li>\n<li><a href=\"http:\/\/www.service-public.fr\">Service-public.fr<\/a><\/li>\n<li><a href=\"http:\/\/www.trouver-nom-entreprise.com\">trouver-nom-entreprise<\/a><\/li>\n<li><a href=\"http:\/\/www.commentcreersonentreprise.fr\/\">Comment creer son entreprise\/<\/a><\/li>\n<li><a href=\"http:\/\/desmentorspourentreprendre.com\">Des mentors pour entreprendre<\/a><\/li>\n<li><a href=\"http:\/\/www.devenir-artisan.fr\">Devenir artisan<\/a><\/li>\n<li><a href=\"http:\/\/www.petite-entreprise.net\/\">www.petite-entreprise.net<\/a><\/li>\n<\/ul>\n<h4 id=\"21\">Creation Support Programs<\/h4>\n<ul id=\"navlist\">\n<li><a href=\"http:\/\/www.iledefrance.fr\/aides-regionales-appels-projets\/aide-maturation-projets-innovants-aima\">Aide \u00e0 la maturation de projets innovants (AIMA)<\/a><\/li>\n<li><a href=\"http:\/\/www.innovation-idf.org\/fr\/attachments\/2893_AIMA-AIR-AIXp%C3%A9.pdf\">Aide \u00e0 l\u00b4Innovation Responsable (AIR)<\/a><\/li>\n<li><a href=\"http:\/\/www.innovation-idf.org\/fr\/accueil\/2974-aider-lexperimentation-pour-plus-dinnovation\">AIXP\u00e9 &#8211; Aider l\u00b4exp\u00e9rimentation pour plus d\u00b4innovation)<\/a><\/li>\n<li><a href=\"http:\/\/www.innovation-idf.org\/fr\/attachments\/2893_AIMA-AIR-AIXp%C3%A9.pdf\">Aide \u00e0 l\u00b4Innovation Responsable (AIR)<\/a><\/li>\n<\/ul>\n<h4 id=\"12\">Rent office, conference rooms, and working spaces<\/h4>\n<ul id=\"navlist\">\n<li><a href=\"www.BureauxLocaux.com\">Bureaux Locaux.com<\/a><\/li>\n<li><a href=\"www.regus.fr\">Regus<\/a><\/li>\n<\/ul>\n<h4 id=\"11\">Insurance<\/h4>\n<ul id=\"navlist\">\n<li><a href=\"http:\/\/www.swisslife.fr\">SwissLife<\/a><\/li>\n<li><a href=\"http:\/\/www.credit-agricole.fr\/\">CA Banque et assurance<\/a><\/li>\n<\/ul>\n<\/div>\n","protected":false},"excerpt":{"rendered":"<p>Net.entreprises.fr Le r\u00e9gime social des ind\u00e9pendants (RSI) M\u00e9diation Inter-Entreprises SpotCrea.fr (social network created by APCE) Assistance juridique et comptable gratuite Le Club Open Innovation Les couveuses Logomatic (create the logo of your company) teamizy Expert-comptable-tpe.fr&#8230;<\/p>\n","protected":false},"author":1,"featured_media":0,"parent":0,"menu_order":0,"comment_status":"closed","ping_status":"closed","template":"","meta":{"footnotes":""},"class_list":["post-177","page","type-page","status-publish","hentry"],"_links":{"self":[{"href":"http:\/\/entrepreneurship.serayamaouche.info\/index.php?rest_route=\/wp\/v2\/pages\/177","targetHints":{"allow":["GET"]}}],"collection":[{"href":"http:\/\/entrepreneurship.serayamaouche.info\/index.php?rest_route=\/wp\/v2\/pages"}],"about":[{"href":"http:\/\/entrepreneurship.serayamaouche.info\/index.php?rest_route=\/wp\/v2\/types\/page"}],"author":[{"embeddable":true,"href":"http:\/\/entrepreneurship.serayamaouche.info\/index.php?rest_route=\/wp\/v2\/users\/1"}],"replies":[{"embeddable":true,"href":"http:\/\/entrepreneurship.serayamaouche.info\/index.php?rest_route=%2Fwp%2Fv2%2Fcomments&post=177"}],"version-history":[{"count":1,"href":"http:\/\/entrepreneurship.serayamaouche.info\/index.php?rest_route=\/wp\/v2\/pages\/177\/revisions"}],"predecessor-version":[{"id":178,"href":"http:\/\/entrepreneurship.serayamaouche.info\/index.php?rest_route=\/wp\/v2\/pages\/177\/revisions\/178"}],"wp:attachment":[{"href":"http:\/\/entrepreneurship.serayamaouche.info\/index.php?rest_route=%2Fwp%2Fv2%2Fmedia&parent=177"}],"curies":[{"name":"wp","href":"https:\/\/api.w.org\/{rel}","templated":true}]}}