{"id":15,"date":"2017-04-03T15:11:40","date_gmt":"2017-04-03T15:11:40","guid":{"rendered":"http:\/\/entrepreneurship.serayamaouche.net\/?page_id=15"},"modified":"2024-07-29T07:33:29","modified_gmt":"2024-07-29T07:33:29","slug":"incubators-accelerators","status":"publish","type":"page","link":"http:\/\/entrepreneurship.serayamaouche.info\/?page_id=15","title":{"rendered":"Incubators &#038; Accelerators"},"content":{"rendered":"<ul>\n<li><a href=\"http:\/\/www.genopole.fr\">Genopole<\/a><\/li>\n<li><a href=\"https:\/\/parisbiotechsante.org\/\" target=\"_blank\" rel=\"noopener\">Paris Biotech Sant\u00e9<\/a><\/li>\n<li><a href=\"http:\/\/www.systematic-paris-region.org\">Systematic Paris-Region<\/a><\/li>\n<li><a href=\"https:\/\/www.agoranov.com\/\" target=\"_blank\" rel=\"noopener\">Agoranov<\/a><\/li>\n<li><a href=\"https:\/\/www.incuballiance.fr\/\" target=\"_blank\" rel=\"noopener\">Incuballiance<\/a><\/li>\n<li><a href=\"http:\/\/www.lafrenchtech.com\/\" target=\"_blank\" rel=\"noopener\">La French Tech<\/a><\/li>\n<li><a href=\"http:\/\/www.retis-innovation.fr\/\" target=\"_blank\" rel=\"noopener\">Le r\u00e9seau Retis<\/a><\/li>\n<li><a href=\"https:\/\/www.chooseparisregion.org\/fr\" target=\"_blank\" rel=\"noopener\">Choose Paris R\u00e9gion<\/a><\/li>\n<li><a href=\"https:\/\/www.paris.fr\/pages\/les-incubateurs-dans-la-capitale-6392\" target=\"_blank\" rel=\"noopener\">La Ville de Paris<\/a><\/li>\n<li><a href=\"https:\/\/www.iledefrance.fr\/toutes-les-actualites\/28-incubateurs-franciliens-labellises-innovup-incubation-par-la-region\">Liste sur le site de la r\u00e9gion IDF<\/a><\/li>\n<\/ul>\n<h4 id=\"21\">Innovation competitions<\/h4>\n<ul id=\"navlist\">\n<li><a href=\"https:\/\/www.picxel.bpifrance.fr\/accueil\">Concours d\u2019innovation i-Nov<\/a><\/li>\n<li><a href=\"https:\/\/www.enseignementsup-recherche.gouv.fr\/fr\/le-concours-d-innovation-i-lab-i-phd-i-nov-49802\">Concours d&rsquo;innovation : i-PhD<\/a><\/li>\n<li><a href=\"http:\/\/www.innovation2030.org\/fr\/\">Innovation 2030<\/a><\/li>\n<li><a href=\"https:\/\/bpifrance-creation.fr\/encyclopedie\/financements\/concours-a-creation-dentreprises\/concours-jeunes-createurs-dentreprises\">Concours sur BpiFrance<\/a><\/li>\n<\/ul>\n","protected":false},"excerpt":{"rendered":"<p>Genopole Paris Biotech Sant\u00e9 Systematic Paris-Region Agoranov Incuballiance La French Tech Le r\u00e9seau Retis Choose Paris R\u00e9gion La Ville de Paris Liste sur le site de la r\u00e9gion IDF Innovation competitions Concours d\u2019innovation i-Nov Concours&#8230;<\/p>\n","protected":false},"author":1,"featured_media":0,"parent":0,"menu_order":0,"comment_status":"closed","ping_status":"closed","template":"","meta":{"footnotes":""},"class_list":["post-15","page","type-page","status-publish","hentry"],"_links":{"self":[{"href":"http:\/\/entrepreneurship.serayamaouche.info\/index.php?rest_route=\/wp\/v2\/pages\/15","targetHints":{"allow":["GET"]}}],"collection":[{"href":"http:\/\/entrepreneurship.serayamaouche.info\/index.php?rest_route=\/wp\/v2\/pages"}],"about":[{"href":"http:\/\/entrepreneurship.serayamaouche.info\/index.php?rest_route=\/wp\/v2\/types\/page"}],"author":[{"embeddable":true,"href":"http:\/\/entrepreneurship.serayamaouche.info\/index.php?rest_route=\/wp\/v2\/users\/1"}],"replies":[{"embeddable":true,"href":"http:\/\/entrepreneurship.serayamaouche.info\/index.php?rest_route=%2Fwp%2Fv2%2Fcomments&post=15"}],"version-history":[{"count":5,"href":"http:\/\/entrepreneurship.serayamaouche.info\/index.php?rest_route=\/wp\/v2\/pages\/15\/revisions"}],"predecessor-version":[{"id":202,"href":"http:\/\/entrepreneurship.serayamaouche.info\/index.php?rest_route=\/wp\/v2\/pages\/15\/revisions\/202"}],"wp:attachment":[{"href":"http:\/\/entrepreneurship.serayamaouche.info\/index.php?rest_route=%2Fwp%2Fv2%2Fmedia&parent=15"}],"curies":[{"name":"wp","href":"https:\/\/api.w.org\/{rel}","templated":true}]}}