{"id":12,"date":"2017-04-03T15:11:22","date_gmt":"2017-04-03T15:11:22","guid":{"rendered":"http:\/\/entrepreneurship.serayamaouche.net\/?page_id=12"},"modified":"2024-07-29T10:52:03","modified_gmt":"2024-07-29T10:52:03","slug":"govt-departments-agencies-2","status":"publish","type":"page","link":"http:\/\/entrepreneurship.serayamaouche.info\/?page_id=12","title":{"rendered":"Institutions &#038; Agencies"},"content":{"rendered":"<ul>\n<li><a href=\"https:\/\/www.economie.gouv.fr\/\">The French Ministry for the Economy and Finances<\/a><\/li>\n<li><a href=\"https:\/\/een.ec.europa.eu\/\">The Enterprise Europe Network<\/a>\u00a0(EEN)<\/li>\n<li><a href=\"https:\/\/european-union.europa.eu\/institutions-law-budget\/institutions-and-bodies\/search-all-eu-institutions-and-bodies\/european-institute-innovation-and-technology-eit_fr\">Institut europ\u00e9en d\u2019innovation et de technologie (EIT)<\/a><\/li>\n<li><a href=\"https:\/\/esante.gouv.fr\/\">L\u2019Agence du Num\u00e9rique en Sant\u00e9 (ANS)<\/a><\/li>\n<li><a href=\"https:\/\/www.inria.fr\/\">Institut national de recherche en sciences et technologies du num\u00e9rique (Inria)<\/a><\/li>\n<li><a href=\"https:\/\/entreprendre.service-public.fr\/\">Entreprendre Service-public.fr<\/a><\/li>\n<li><a href=\"https:\/\/www.welcometofrance.com\">Welcome to France<\/a><\/li>\n<li><a href=\"http:\/\/www.lafrenchtech.com\">La French Tech<\/a><\/li>\n<li><a href=\"http:\/\/www.businessfrance.fr\/\">Business France<\/a><\/li>\n<li><a href=\"https:\/\/cnnumerique.fr\">CNNum<\/a><\/li>\n<li><a href=\"https:\/\/www.guichet-entreprises.fr\">Guichet-Entreprises<\/a><\/li>\n<li><a href=\"http:\/\/www.cci.fr\">Chambre de commerce et d\u00b4industrie (CCI)<\/a><\/li>\n<li><a href=\"http:\/\/www.enseignementsup-recherche.gouv.fr\">Minist\u00e8re de l\u00b4enseignement sup\u00e9rieur et de la recherche<\/a><\/li>\n<li><a href=\"https:\/\/www.egalite-femmes-hommes.gouv.fr\">Minist\u00e8re de l&rsquo;\u00e9galit\u00e9 entre les hommes et les femmes<\/a><\/li>\n<li><a href=\"http:\/\/www.impots.gouv.fr\">Direction g\u00e9n\u00e9rale des finances publiques<\/a><\/li>\n<li><a href=\"http:\/\/www.medef.com\">MEDEF<\/a><\/li>\n<li><a href=\"https:\/\/www.francetravail.fr\">France Travail<\/a><\/li>\n<li><a href=\"http:\/\/competitivite.gouv.fr\/\">Les poles de comp\u00e9titivit\u00e9<\/a><\/li>\n<li><a href=\"http:\/\/www.ateliersdeparis.com\/\">Ateliers de Paris<\/a><\/li>\n<li><a href=\"http:\/\/www.caissedesdepots.fr\">Caisse des d\u00e9p\u00f4ts<\/a><\/li>\n<li><a href=\"http:\/\/www.iledefrance.fr\">R\u00e9gion \u00cele de France<\/a><\/li>\n<li><a href=\"http:\/\/www.paris.fr\">Mairie de Paris<\/a><\/li>\n<li><a href=\"http:\/\/www.experts-comptables.fr\/\">Ordre des experts comptables<\/a><\/li>\n<li><a href=\"https:\/\/www.cfe.urssaf.fr\">Centre de formalit\u00e9s des entreprises<\/a><\/li>\n<li><a href=\"http:\/\/www.reseau-entreprendre.org\">R\u00e9seau entreprendre<\/a><\/li>\n<li><a href=\"http:\/\/www.emploi.gouv.fr\/nacre\">Dispositif NACRE<\/a><\/li>\n<li><a href=\"http:\/\/www.initiative-france.fr\">Initiative France<\/a><\/li>\n<li><a href=\"http:\/\/parisregionlab.com\">Paris Region Lab<\/a><\/li>\n<li><a href=\"http:\/\/www.paris.fr\/pro\/2d3es-accompagnement-de-projets\/le-reseau-paris-esprit-d-entreprise\/rub_9521_stand_118595_port_23393\">Le r\u00e9seau Paris Esprit d\u00b4Entreprise<\/a><\/li>\n<li><a href=\"http:\/\/labodeledition.com\">Labo de l\u00b4\u00e9dition (Mairie de Paris)<\/a><\/li>\n<li><a href=\"http:\/\/www.insee.fr\">INSEE<\/a><\/li>\n<li><a href=\"http:\/\/www.avise.org\">Avise<\/a><\/li>\n<li><a href=\"http:\/\/www.franceactive.org\/\">France Active<\/a><\/li>\n<li><a href=\"https:\/\/www.infogreffe.fr\/societes\">Infogreffe<\/a><\/li>\n<li><a href=\"http:\/\/www.urssaf.fr\">URSSAF<\/a><\/li>\n<li><a href=\"http:\/\/www.notaires.fr\/\">Notaires de France<\/a><\/li>\n<li><a href=\"http:\/\/www.wto.org\">L\u00b4Organisation mondiale du commerce<\/a><\/li>\n<li><a href=\"http:\/\/www.cnpl.org\">Chambre nationale des professions lib\u00e9rales<\/a><\/li>\n<\/ul>\n","protected":false},"excerpt":{"rendered":"<p>The French Ministry for the Economy and Finances The Enterprise Europe Network\u00a0(EEN) Institut europ\u00e9en d\u2019innovation et de technologie (EIT) L\u2019Agence du Num\u00e9rique en Sant\u00e9 (ANS) Institut national de recherche en sciences et technologies du num\u00e9rique&#8230;<\/p>\n","protected":false},"author":1,"featured_media":0,"parent":0,"menu_order":0,"comment_status":"closed","ping_status":"closed","template":"","meta":{"footnotes":""},"class_list":["post-12","page","type-page","status-publish","hentry"],"_links":{"self":[{"href":"http:\/\/entrepreneurship.serayamaouche.info\/index.php?rest_route=\/wp\/v2\/pages\/12","targetHints":{"allow":["GET"]}}],"collection":[{"href":"http:\/\/entrepreneurship.serayamaouche.info\/index.php?rest_route=\/wp\/v2\/pages"}],"about":[{"href":"http:\/\/entrepreneurship.serayamaouche.info\/index.php?rest_route=\/wp\/v2\/types\/page"}],"author":[{"embeddable":true,"href":"http:\/\/entrepreneurship.serayamaouche.info\/index.php?rest_route=\/wp\/v2\/users\/1"}],"replies":[{"embeddable":true,"href":"http:\/\/entrepreneurship.serayamaouche.info\/index.php?rest_route=%2Fwp%2Fv2%2Fcomments&post=12"}],"version-history":[{"count":14,"href":"http:\/\/entrepreneurship.serayamaouche.info\/index.php?rest_route=\/wp\/v2\/pages\/12\/revisions"}],"predecessor-version":[{"id":254,"href":"http:\/\/entrepreneurship.serayamaouche.info\/index.php?rest_route=\/wp\/v2\/pages\/12\/revisions\/254"}],"wp:attachment":[{"href":"http:\/\/entrepreneurship.serayamaouche.info\/index.php?rest_route=%2Fwp%2Fv2%2Fmedia&parent=12"}],"curies":[{"name":"wp","href":"https:\/\/api.w.org\/{rel}","templated":true}]}}